{"id":75,"date":"2025-02-10T19:07:53","date_gmt":"2025-02-10T18:07:53","guid":{"rendered":"https:\/\/evaluationmaisonantoinebaud.fr\/?page_id=75"},"modified":"2025-02-10T19:53:32","modified_gmt":"2025-02-10T18:53:32","slug":"mentions-legales","status":"publish","type":"page","link":"https:\/\/evaluationmaisonantoinebaud.fr\/index.php\/mentions-legales\/","title":{"rendered":"Mentions l\u00e9gales"},"content":{"rendered":"\n<p><strong>\u00c9diteur du site\u00a0<a href=\"https:\/\/evaluationmaisonantoinebaud.fr\/\" data-type=\"page\" data-id=\"6\">www.evaluationmaisonantoinebaud.fr<\/a><\/strong><\/p>\n\n\n\n<p>Quirites SAS<br>Soci\u00e9t\u00e9 par actions simplifi\u00e9e \u2013 capital social de 33.287 euros&nbsp;<br>798 774 840 R.C.S. PARIS&nbsp;<br>Si\u00e8ge social : 2 rue Jean-Baptiste Pigalle \u2013 75009 PARIS&nbsp;<br>code NAF : 7022Z&nbsp;<\/p>\n\n\n\n<p><br><strong>Droits d\u2019auteur \u2013 copyrights<\/strong><\/p>\n\n\n\n<p>La reproduction et transmission des documents pr\u00e9sent sur ce site, \u00e0 l\u2019exception de ceux couverts par un copyright, est libre.<\/p>\n\n\n\n<p><strong>Donn\u00e9es personnelles<\/strong>&nbsp;<br>Ce site est d\u00e9clar\u00e9 \u00e0 la Commission Nationale Informatique et Libert\u00e9s (CNIL) et respecte les dispositions de la loi 78-17 du 6 Janvier 1978 relative \u00e0 l\u2019informatique, aux fichiers et aux libert\u00e9s.<\/p>\n\n\n\n<p><strong>En application de la loi n\u00ba 78-17 du 6 janvier 1978 relative \u00e0 l\u2019informatique, aux fichiers et aux libert\u00e9s, les internautes ayant donn\u00e9s des informations les concernant disposent des droits d\u2019opposition (art. 26 de la loi), d\u2019acc\u00e8s (art. 34 \u00e0 38 de la loi) et de rectification (art. 36 de la loi) \u00e0 ces donn\u00e9es. Ainsi, une mise \u00e0 jour, ou suppression des donn\u00e9es peut \u00eatre exig\u00e9es. Pour l\u2019exercer, adressez un courrier \u00e0 Quirites SAS en utilisant la page\u00a0<a href=\"https:\/\/evaluationmaisonantoinebaud.fr\/index.php\/contact\/\" data-type=\"page\" data-id=\"73\">nous contacter<\/a>.<\/strong><\/p>\n\n\n\n<p><strong>Contenu<\/strong><\/p>\n\n\n\n<p>Malgr\u00e9 le soin que nous apportons \u00e0 la r\u00e9daction du contenu du site, celui-ci peut comporter des inexactitudes, des omissions ou des informations caduques. Les utilisateurs du site sont donc invit\u00e9s \u00e0 proc\u00e9der \u00e0 toutes v\u00e9rifications qu\u2019ils jugeront utiles. Les informations disponibles dans ce site sont fournies \u00e0 titre indicatif, et n\u2019ont aucun caract\u00e8re contractuel. A ce titre, Quirites SAS ne saurait supporter aucune demande de d\u00e9dommagement pour pr\u00e9judice direct ou indirect subi par l\u2019internaute \u00e0 la suite de la consultation des informations contenues dans ce site.<\/p>\n","protected":false},"excerpt":{"rendered":"<p>\u00c9diteur du site\u00a0www.evaluationmaisonantoinebaud.fr Quirites SASSoci\u00e9t\u00e9 par actions simplifi\u00e9e \u2013 capital social de 33.287 euros&nbsp;798 774 840 R.C.S. PARIS&nbsp;Si\u00e8ge social : 2 rue Jean-Baptiste Pigalle \u2013 75009 PARIS&nbsp;code NAF : 7022Z&nbsp; Droits d\u2019auteur \u2013 copyrights La reproduction et transmission des documents pr\u00e9sent sur ce site, \u00e0 l\u2019exception de ceux couverts par un copyright, est libre. Donn\u00e9es [&hellip;]<\/p>\n","protected":false},"author":1,"featured_media":0,"parent":0,"menu_order":0,"comment_status":"closed","ping_status":"closed","template":"templates\/template-full-width.php","meta":{"footnotes":""},"class_list":["post-75","page","type-page","status-publish","hentry"],"_links":{"self":[{"href":"https:\/\/evaluationmaisonantoinebaud.fr\/index.php\/wp-json\/wp\/v2\/pages\/75","targetHints":{"allow":["GET"]}}],"collection":[{"href":"https:\/\/evaluationmaisonantoinebaud.fr\/index.php\/wp-json\/wp\/v2\/pages"}],"about":[{"href":"https:\/\/evaluationmaisonantoinebaud.fr\/index.php\/wp-json\/wp\/v2\/types\/page"}],"author":[{"embeddable":true,"href":"https:\/\/evaluationmaisonantoinebaud.fr\/index.php\/wp-json\/wp\/v2\/users\/1"}],"replies":[{"embeddable":true,"href":"https:\/\/evaluationmaisonantoinebaud.fr\/index.php\/wp-json\/wp\/v2\/comments?post=75"}],"version-history":[{"count":1,"href":"https:\/\/evaluationmaisonantoinebaud.fr\/index.php\/wp-json\/wp\/v2\/pages\/75\/revisions"}],"predecessor-version":[{"id":76,"href":"https:\/\/evaluationmaisonantoinebaud.fr\/index.php\/wp-json\/wp\/v2\/pages\/75\/revisions\/76"}],"wp:attachment":[{"href":"https:\/\/evaluationmaisonantoinebaud.fr\/index.php\/wp-json\/wp\/v2\/media?parent=75"}],"curies":[{"name":"wp","href":"https:\/\/api.w.org\/{rel}","templated":true}]}}