{"id":59,"date":"2025-02-10T18:56:01","date_gmt":"2025-02-10T17:56:01","guid":{"rendered":"https:\/\/evaluationmaisonantoinebaud.fr\/?page_id=59"},"modified":"2025-02-10T18:56:17","modified_gmt":"2025-02-10T17:56:17","slug":"billets-linkedin","status":"publish","type":"page","link":"https:\/\/evaluationmaisonantoinebaud.fr\/index.php\/billets-linkedin\/","title":{"rendered":"Billets LinkedIn"},"content":{"rendered":"<ul class=\"wp-block-latest-posts__list is-grid columns-3 wp-block-latest-posts\"><li><a class=\"wp-block-latest-posts__post-title\" href=\"https:\/\/evaluationmaisonantoinebaud.fr\/index.php\/2025\/02\/16\/la-balle-est-dans-le-camp-deuronext\/\">La balle est dans le camp d\u2019Euronext<\/a><div class=\"wp-block-latest-posts__post-excerpt\">Je viens d\u2019ouvrir un site internet qui contient une \u00e9tude approfondie (101 pages) de la valeur de Maison Antoine Baud (MAB) incluant, en particulier, une valeur b\u00e2timent par b\u00e2timent. Non pas que je sois aussi un expert immobilier, mais comme tout un chacun, j\u2019utilise Patrim, le service de l\u2019administration fiscale qui recense les transactions permettant\u2026 <a class=\"wp-block-latest-posts__read-more\" href=\"https:\/\/evaluationmaisonantoinebaud.fr\/index.php\/2025\/02\/16\/la-balle-est-dans-le-camp-deuronext\/\" rel=\"noopener noreferrer\">Lire la suite<span class=\"screen-reader-text\">\u00a0: La balle est dans le camp d\u2019Euronext<\/span><\/a><\/div><\/li>\n<li><a class=\"wp-block-latest-posts__post-title\" href=\"https:\/\/evaluationmaisonantoinebaud.fr\/index.php\/2025\/02\/01\/larbre-ne-doit-pas-cacher-la-foret\/\">L\u2019arbre ne doit pas cacher la for\u00eat<\/a><div class=\"wp-block-latest-posts__post-excerpt\">Cette semaine, Euronext a publi\u00e9 les r\u00e9sultats officiels de l\u2019offre publique sur la fonci\u00e8re MAB, visant \u00e0 entra\u00eener sa radiation d\u2019Euronext Access. R\u00e9sultat&nbsp;: 0 titre apport\u00e9 \u00e0 l\u2019offre avec un cours qui a cl\u00f4tur\u00e9 22 % au-dessus du prix offert. \u00c0 ma connaissance, c\u2019est la premi\u00e8re fois depuis au moins 30 ans sur la place\u2026 <a class=\"wp-block-latest-posts__read-more\" href=\"https:\/\/evaluationmaisonantoinebaud.fr\/index.php\/2025\/02\/01\/larbre-ne-doit-pas-cacher-la-foret\/\" rel=\"noopener noreferrer\">Lire la suite<span class=\"screen-reader-text\">\u00a0: L\u2019arbre ne doit pas cacher la for\u00eat<\/span><\/a><\/div><\/li>\n<li><a class=\"wp-block-latest-posts__post-title\" href=\"https:\/\/evaluationmaisonantoinebaud.fr\/index.php\/2025\/01\/28\/un-rapport-dun-expert-independant-peut-il-tromper-lamf-et-euronext-suite\/\">Un rapport d&rsquo;un expert ind\u00e9pendant peut-il tromper l&rsquo;AMF et Euronext ? (suite)<\/a><div class=\"wp-block-latest-posts__post-excerpt\">C\u2019est le pari de Paper Audit et Conseil, qui atteste comme \u00ab \u00e9quitable \u00bb une offre de retrait accept\u00e9e par 0 % des actionnaires minoritaires, et avec un cours de Bourse sup\u00e9rieur de 22 % au prix propos\u00e9.Dans mes deux pr\u00e9c\u00e9dents billets, j\u2019ai pr\u00e9sent\u00e9 7 des 9 erreurs manifestes que contient ce travail suppos\u00e9 d\u2019expertise.\u2026 <a class=\"wp-block-latest-posts__read-more\" href=\"https:\/\/evaluationmaisonantoinebaud.fr\/index.php\/2025\/01\/28\/un-rapport-dun-expert-independant-peut-il-tromper-lamf-et-euronext-suite\/\" rel=\"noopener noreferrer\">Lire la suite<span class=\"screen-reader-text\">\u00a0: Un rapport d&rsquo;un expert ind\u00e9pendant peut-il tromper l&rsquo;AMF et Euronext ? (suite)<\/span><\/a><\/div><\/li>\n<li><a class=\"wp-block-latest-posts__post-title\" href=\"https:\/\/evaluationmaisonantoinebaud.fr\/index.php\/2025\/01\/25\/lamf-et-euronext-vont-elles-accepter-de-se-faire-leurrer-par-un-rapport-dexpert-entache-de-9-erreurs-grossieres\/\">L&rsquo;AMF et Euronext vont-elles accepter de se faire leurrer par un rapport d&rsquo;expert entach\u00e9 de 9 erreurs grossi\u00e8res ?<\/a><div class=\"wp-block-latest-posts__post-excerpt\">Dans mon billet d\u2019il y a 15 jours, j\u2019expliquais comment Paper Audit et Conseil, expert nomm\u00e9 pour \u00e9valuer la valeur des actions de la soci\u00e9t\u00e9 fonci\u00e8re Maison Antoine Baud (MAB), dans le cadre de son retrait de cote, avait multipli\u00e9 les erreurs manifestes pour justifier un prix au m\u00b2\u00a0de 320\u20ac pour des entrep\u00f4ts et des\u2026 <a class=\"wp-block-latest-posts__read-more\" href=\"https:\/\/evaluationmaisonantoinebaud.fr\/index.php\/2025\/01\/25\/lamf-et-euronext-vont-elles-accepter-de-se-faire-leurrer-par-un-rapport-dexpert-entache-de-9-erreurs-grossieres\/\" rel=\"noopener noreferrer\">Lire la suite<span class=\"screen-reader-text\">\u00a0: L&rsquo;AMF et Euronext vont-elles accepter de se faire leurrer par un rapport d&rsquo;expert entach\u00e9 de 9 erreurs grossi\u00e8res ?<\/span><\/a><\/div><\/li>\n<li><a class=\"wp-block-latest-posts__post-title\" href=\"https:\/\/evaluationmaisonantoinebaud.fr\/index.php\/2025\/01\/11\/comment-justifier-une-valeur-equitable-de-321-e-m2-et-un-rendement-locatif-brut-de-208-pour-des-entrepots-logistiques-dans-des-metropoles-de-province\/\">Comment justifier une valeur \u00e9quitable de 321 \u20ac\/m\u00b2 et un rendement locatif brut de 20,8 % pour des entrep\u00f4ts logistiques dans des m\u00e9tropoles de province ?<\/a><div class=\"wp-block-latest-posts__post-excerpt\">C\u2019est le d\u00e9fi brillamment relev\u00e9 par Paper Audit et Conseil, expert ind\u00e9pendant pour la sortie de cote de la fonci\u00e8re MAB.Car \u00e0 c\u0153ur vaillant rien d\u2019impossible, surtout quand les autres experts sollicit\u00e9s ont refus\u00e9 de compromettre leur r\u00e9putation, vous laissant le champ libre.Vous commencez d\u00e9j\u00e0 par changer de m\u00e9thode par rapport \u00e0 votre pr\u00e9c\u00e9dent travail\u2026 <a class=\"wp-block-latest-posts__read-more\" href=\"https:\/\/evaluationmaisonantoinebaud.fr\/index.php\/2025\/01\/11\/comment-justifier-une-valeur-equitable-de-321-e-m2-et-un-rendement-locatif-brut-de-208-pour-des-entrepots-logistiques-dans-des-metropoles-de-province\/\" rel=\"noopener noreferrer\">Lire la suite<span class=\"screen-reader-text\">\u00a0: Comment justifier une valeur \u00e9quitable de 321 \u20ac\/m\u00b2 et un rendement locatif brut de 20,8 % pour des entrep\u00f4ts logistiques dans des m\u00e9tropoles de province ?<\/span><\/a><\/div><\/li>\n<\/ul>","protected":false},"excerpt":{"rendered":"","protected":false},"author":1,"featured_media":0,"parent":0,"menu_order":0,"comment_status":"closed","ping_status":"closed","template":"templates\/template-full-width.php","meta":{"footnotes":""},"class_list":["post-59","page","type-page","status-publish","hentry"],"_links":{"self":[{"href":"https:\/\/evaluationmaisonantoinebaud.fr\/index.php\/wp-json\/wp\/v2\/pages\/59","targetHints":{"allow":["GET"]}}],"collection":[{"href":"https:\/\/evaluationmaisonantoinebaud.fr\/index.php\/wp-json\/wp\/v2\/pages"}],"about":[{"href":"https:\/\/evaluationmaisonantoinebaud.fr\/index.php\/wp-json\/wp\/v2\/types\/page"}],"author":[{"embeddable":true,"href":"https:\/\/evaluationmaisonantoinebaud.fr\/index.php\/wp-json\/wp\/v2\/users\/1"}],"replies":[{"embeddable":true,"href":"https:\/\/evaluationmaisonantoinebaud.fr\/index.php\/wp-json\/wp\/v2\/comments?post=59"}],"version-history":[{"count":1,"href":"https:\/\/evaluationmaisonantoinebaud.fr\/index.php\/wp-json\/wp\/v2\/pages\/59\/revisions"}],"predecessor-version":[{"id":60,"href":"https:\/\/evaluationmaisonantoinebaud.fr\/index.php\/wp-json\/wp\/v2\/pages\/59\/revisions\/60"}],"wp:attachment":[{"href":"https:\/\/evaluationmaisonantoinebaud.fr\/index.php\/wp-json\/wp\/v2\/media?parent=59"}],"curies":[{"name":"wp","href":"https:\/\/api.w.org\/{rel}","templated":true}]}}