{"id":21,"date":"2025-02-10T18:34:08","date_gmt":"2025-02-10T17:34:08","guid":{"rendered":"https:\/\/evaluationmaisonantoinebaud.fr\/?page_id=21"},"modified":"2025-02-11T18:42:52","modified_gmt":"2025-02-11T17:42:52","slug":"qui_sommes_nous","status":"publish","type":"page","link":"https:\/\/evaluationmaisonantoinebaud.fr\/index.php\/qui_sommes_nous\/","title":{"rendered":"Qui sommes nous ?"},"content":{"rendered":"\n<p>Ce site est la propri\u00e9t\u00e9 de Quirites SAS, soci\u00e9t\u00e9 d\u2019investissement de la famille de Pascal Quiry qui d\u00e9tient directement ou indirectement 910 actions MAB, soit 0,42 % du capital de Maison Antoine Baud.<\/p>\n\n\n\n<div class=\"wp-block-media-text is-stacked-on-mobile is-vertically-aligned-bottom\" style=\"grid-template-columns:35% auto\"><figure class=\"wp-block-media-text__media\"><img loading=\"lazy\" decoding=\"async\" width=\"749\" height=\"1024\" src=\"http:\/\/evaluationmaisonantoinebaud.fr\/wp-content\/uploads\/2025\/02\/Pascal_Quiry-749x1024.jpg\" alt=\"\" class=\"wp-image-67 size-full\" srcset=\"https:\/\/evaluationmaisonantoinebaud.fr\/wp-content\/uploads\/2025\/02\/Pascal_Quiry-749x1024.jpg 749w, https:\/\/evaluationmaisonantoinebaud.fr\/wp-content\/uploads\/2025\/02\/Pascal_Quiry-220x300.jpg 220w, https:\/\/evaluationmaisonantoinebaud.fr\/wp-content\/uploads\/2025\/02\/Pascal_Quiry-768x1049.jpg 768w, https:\/\/evaluationmaisonantoinebaud.fr\/wp-content\/uploads\/2025\/02\/Pascal_Quiry.jpg 846w\" sizes=\"auto, (max-width: 749px) 100vw, 749px\" \/><\/figure><div class=\"wp-block-media-text__content\">\n<p>Pascal Quiry, dipl\u00f4m\u00e9 d\u2019HEC Paris en 1984, a toujours eu une double activit\u00e9 professionnelle :<\/p>\n<\/div><\/div>\n\n\n\n<ul style=\"background:linear-gradient(135deg,rgb(227,112,7) 0%,rgb(224,81,81) 100%)\" class=\"wp-block-list has-background-color has-text-color has-background has-link-color wp-elements-d8abe8a4655ad59945621f3213b917a2\">\n<li>de p\u00e9dagogue comme professeur de finance \u00e0 HEC depuis 1986, co-auteur depuis 1998 du manuel de finance d\u2019entreprise commun\u00e9ment appel\u00e9 le Vernimmen (plus de 250.000 exemplaires vendus, Dalloz), titulaire de la chaire BNP Paribas \u00e0 HEC depuis 2012 ;<\/li>\n\n\n\n<li>de praticien de la finance d\u2019abord comme banquier d\u2019affaires \u00e0 BNP Paribas de 1986 \u00e0 2012, o\u00f9 ses principales responsabilit\u00e9s ont recoup\u00e9 l\u2019\u00e9valuation des entreprises, l\u2019ing\u00e9nierie boursi\u00e8re et l\u2019ex\u00e9cution des transactions de fusions et d\u2019acquisition en Europe et en Am\u00e9riques. \u00c0 partir de 2012, il est devenu investisseur actif en soci\u00e9t\u00e9s non cot\u00e9es ou cot\u00e9es. Il est ainsi \u00e0 l\u2019origine du refus de l\u2019AMF en juillet 2014 d\u2019autoriser l\u2019expropriation des actionnaires minoritaires d\u2019Orchestra \u00e0 40 \u20ac. Un an apr\u00e8s, le cours atteignait 121 \u20ac, avant que l\u2019hubris de son dirigeant ne l\u2019entraine en 2020 \u00e0 la faillite. Pascal Quiry a aussi convaincu en 2019 SOFRAGI, derni\u00e8re SICAF cot\u00e9e, de se transformer en SICAV, entrainant la disparition d\u2019une d\u00e9cote de 20 \u00e0 40 % sur sa valeur. En 2019, l\u2019AMF a sollicit\u00e9 Pascal Quiry pour faire partie de la commission Philipponnat-Suet de r\u00e9forme des proc\u00e9dures de retrait de cote (squeeze-out). En 2021, Pascal Quiry a men\u00e9 campagne contre la tentative de Vinci et d\u2019Eiffage de racheter les 34 % du capital de la soci\u00e9t\u00e9 exploitante du tunnel urbain du Prado-Car\u00e9nage \u00e0 Marseille et d\u2019exproprier ses actionnaires minoritaires dont il faisait partie. Malgr\u00e9 un rel\u00e8vement du prix de l\u2019offre de 28 %, celle-ci n\u2019a s\u00e9duit que 6 % des actionnaires minoritaires. Le cours se situe, d\u00e9but 2025, 64% au-dessus du prix de l&rsquo;offre initiale, alors que le CAC 40 n&rsquo;a progress\u00e9 dans l&rsquo;intervalle que de 32%.<\/li>\n<\/ul>\n\n\n\n<p><\/p>\n","protected":false},"excerpt":{"rendered":"<p>Ce site est la propri\u00e9t\u00e9 de Quirites SAS, soci\u00e9t\u00e9 d\u2019investissement de la famille de Pascal Quiry qui d\u00e9tient directement ou indirectement 910 actions MAB, soit 0,42 % du capital de Maison Antoine Baud. Pascal Quiry, dipl\u00f4m\u00e9 d\u2019HEC Paris en 1984, a toujours eu une double activit\u00e9 professionnelle :<\/p>\n","protected":false},"author":1,"featured_media":0,"parent":0,"menu_order":0,"comment_status":"closed","ping_status":"closed","template":"templates\/template-full-width.php","meta":{"footnotes":""},"class_list":["post-21","page","type-page","status-publish","hentry"],"_links":{"self":[{"href":"https:\/\/evaluationmaisonantoinebaud.fr\/index.php\/wp-json\/wp\/v2\/pages\/21","targetHints":{"allow":["GET"]}}],"collection":[{"href":"https:\/\/evaluationmaisonantoinebaud.fr\/index.php\/wp-json\/wp\/v2\/pages"}],"about":[{"href":"https:\/\/evaluationmaisonantoinebaud.fr\/index.php\/wp-json\/wp\/v2\/types\/page"}],"author":[{"embeddable":true,"href":"https:\/\/evaluationmaisonantoinebaud.fr\/index.php\/wp-json\/wp\/v2\/users\/1"}],"replies":[{"embeddable":true,"href":"https:\/\/evaluationmaisonantoinebaud.fr\/index.php\/wp-json\/wp\/v2\/comments?post=21"}],"version-history":[{"count":8,"href":"https:\/\/evaluationmaisonantoinebaud.fr\/index.php\/wp-json\/wp\/v2\/pages\/21\/revisions"}],"predecessor-version":[{"id":104,"href":"https:\/\/evaluationmaisonantoinebaud.fr\/index.php\/wp-json\/wp\/v2\/pages\/21\/revisions\/104"}],"wp:attachment":[{"href":"https:\/\/evaluationmaisonantoinebaud.fr\/index.php\/wp-json\/wp\/v2\/media?parent=21"}],"curies":[{"name":"wp","href":"https:\/\/api.w.org\/{rel}","templated":true}]}}